{"id":1081,"date":"2022-09-17T02:35:11","date_gmt":"2022-09-17T02:35:11","guid":{"rendered":"https:\/\/liceovalentinletelierrecoleta.cl\/blog\/?page_id=1081"},"modified":"2022-10-08T18:38:36","modified_gmt":"2022-10-08T18:38:36","slug":"material-didactico","status":"publish","type":"page","link":"https:\/\/liceovalentinletelierrecoleta.cl\/blog\/index.php\/informaciones\/recursos-pedagogicos\/material-didactico\/","title":{"rendered":"Material Did\u00e1ctico y textos educativos"},"content":{"rendered":"<p><strong><a href=\"https:\/\/liceovalentinletelierrecoleta.cl\/blog\/wp-content\/uploads\/2022\/09\/Captura-de-Pantalla-2022-09-30-a-las-09.19.47.png\"><img loading=\"lazy\" decoding=\"async\" class=\"alignright wp-image-1421\" src=\"https:\/\/liceovalentinletelierrecoleta.cl\/blog\/wp-content\/uploads\/2022\/09\/Captura-de-Pantalla-2022-09-30-a-las-09.19.47.png\" alt=\"\" width=\"364\" height=\"257\" srcset=\"https:\/\/liceovalentinletelierrecoleta.cl\/blog\/wp-content\/uploads\/2022\/09\/Captura-de-Pantalla-2022-09-30-a-las-09.19.47.png 1148w, https:\/\/liceovalentinletelierrecoleta.cl\/blog\/wp-content\/uploads\/2022\/09\/Captura-de-Pantalla-2022-09-30-a-las-09.19.47-300x212.png 300w, https:\/\/liceovalentinletelierrecoleta.cl\/blog\/wp-content\/uploads\/2022\/09\/Captura-de-Pantalla-2022-09-30-a-las-09.19.47-1024x723.png 1024w, https:\/\/liceovalentinletelierrecoleta.cl\/blog\/wp-content\/uploads\/2022\/09\/Captura-de-Pantalla-2022-09-30-a-las-09.19.47-768x542.png 768w, https:\/\/liceovalentinletelierrecoleta.cl\/blog\/wp-content\/uploads\/2022\/09\/Captura-de-Pantalla-2022-09-30-a-las-09.19.47-850x600.png 850w\" sizes=\"auto, (max-width: 364px) 100vw, 364px\" \/><\/a><\/strong><\/p>\n<p>&nbsp;<\/p>\n<p><strong>Libros de asignaturas por nivel<\/strong>: En el siguiente enlace podr\u00e1n encontrar los textos ministeriales entregados durante el a\u00f1o escolar, para su descarga debe seguir los pasos especificados.<\/p>\n<h2 style=\"text-align: center;\"><a href=\"https:\/\/mitextoescolar.mineduc.cl\/\" target=\"_blank\" rel=\"noopener\">Link textos escolares<\/a><\/h2>\n<p>&nbsp;<\/p>\n<p>&nbsp;<\/p>\n<p>&nbsp;<\/p>\n<p><strong><a href=\"https:\/\/liceovalentinletelierrecoleta.cl\/blog\/wp-content\/uploads\/2022\/09\/Captura-de-Pantalla-2022-09-30-a-las-09.23.14.png\"><img loading=\"lazy\" decoding=\"async\" class=\"wp-image-1422 alignleft\" src=\"https:\/\/liceovalentinletelierrecoleta.cl\/blog\/wp-content\/uploads\/2022\/09\/Captura-de-Pantalla-2022-09-30-a-las-09.23.14.png\" alt=\"\" width=\"364\" height=\"206\" srcset=\"https:\/\/liceovalentinletelierrecoleta.cl\/blog\/wp-content\/uploads\/2022\/09\/Captura-de-Pantalla-2022-09-30-a-las-09.23.14.png 1427w, https:\/\/liceovalentinletelierrecoleta.cl\/blog\/wp-content\/uploads\/2022\/09\/Captura-de-Pantalla-2022-09-30-a-las-09.23.14-300x169.png 300w, https:\/\/liceovalentinletelierrecoleta.cl\/blog\/wp-content\/uploads\/2022\/09\/Captura-de-Pantalla-2022-09-30-a-las-09.23.14-1024x578.png 1024w, https:\/\/liceovalentinletelierrecoleta.cl\/blog\/wp-content\/uploads\/2022\/09\/Captura-de-Pantalla-2022-09-30-a-las-09.23.14-768x434.png 768w, https:\/\/liceovalentinletelierrecoleta.cl\/blog\/wp-content\/uploads\/2022\/09\/Captura-de-Pantalla-2022-09-30-a-las-09.23.14-850x480.png 850w\" sizes=\"auto, (max-width: 364px) 100vw, 364px\" \/><\/a><\/strong><\/p>\n<p><strong>Aprendo en l\u00ednea<\/strong>: durante pandemia, y debido al proceso educativo a distancia, desde el ministerio de educaci\u00f3n se gener\u00f3 el siguiente material, que hoy puede servir como insumo adicional al proceso de aprendizaje.<\/p>\n<h2 style=\"text-align: center;\"><a href=\"https:\/\/www.curriculumnacional.cl\/estudiantes\/\" target=\"_blank\" rel=\"noopener\">Link Aprendo en L\u00ednea<\/a><\/h2>\n<p>&nbsp;<\/p>\n<p>&nbsp;<\/p>\n<p><strong><a href=\"https:\/\/liceovalentinletelierrecoleta.cl\/blog\/wp-content\/uploads\/2022\/09\/Captura-de-Pantalla-2022-09-30-a-las-09.25.37.png\"><img loading=\"lazy\" decoding=\"async\" class=\"alignright wp-image-1423\" src=\"https:\/\/liceovalentinletelierrecoleta.cl\/blog\/wp-content\/uploads\/2022\/09\/Captura-de-Pantalla-2022-09-30-a-las-09.25.37.png\" alt=\"\" width=\"364\" height=\"208\" srcset=\"https:\/\/liceovalentinletelierrecoleta.cl\/blog\/wp-content\/uploads\/2022\/09\/Captura-de-Pantalla-2022-09-30-a-las-09.25.37.png 1429w, https:\/\/liceovalentinletelierrecoleta.cl\/blog\/wp-content\/uploads\/2022\/09\/Captura-de-Pantalla-2022-09-30-a-las-09.25.37-300x171.png 300w, https:\/\/liceovalentinletelierrecoleta.cl\/blog\/wp-content\/uploads\/2022\/09\/Captura-de-Pantalla-2022-09-30-a-las-09.25.37-1024x584.png 1024w, https:\/\/liceovalentinletelierrecoleta.cl\/blog\/wp-content\/uploads\/2022\/09\/Captura-de-Pantalla-2022-09-30-a-las-09.25.37-768x438.png 768w, https:\/\/liceovalentinletelierrecoleta.cl\/blog\/wp-content\/uploads\/2022\/09\/Captura-de-Pantalla-2022-09-30-a-las-09.25.37-850x485.png 850w\" sizes=\"auto, (max-width: 364px) 100vw, 364px\" \/><\/a><\/strong><\/p>\n<p><strong>Biblioteca digital escolar<\/strong>: es una biblioteca online, habilitada para todos\/as los estudiantes del pa\u00eds. En este espacio se podr\u00e1n realizar pr\u00e9stamos de libros digitales seg\u00fan el gran cat\u00e1logo que se ofrece.<\/p>\n<h2 style=\"text-align: center;\"><a href=\"https:\/\/bdescolar.mineduc.cl\/\" target=\"_blank\" rel=\"noopener\">Link Biblioteca digital escolar<\/a><\/h2>\n<p>&nbsp;<\/p>\n<p>&nbsp;<\/p>\n<p><a href=\"https:\/\/liceovalentinletelierrecoleta.cl\/blog\/wp-content\/uploads\/2022\/09\/Captura-de-Pantalla-2022-09-30-a-las-09.27.59.png\"><img loading=\"lazy\" decoding=\"async\" class=\"alignleft wp-image-1424\" src=\"https:\/\/liceovalentinletelierrecoleta.cl\/blog\/wp-content\/uploads\/2022\/09\/Captura-de-Pantalla-2022-09-30-a-las-09.27.59.png\" alt=\"\" width=\"364\" height=\"208\" srcset=\"https:\/\/liceovalentinletelierrecoleta.cl\/blog\/wp-content\/uploads\/2022\/09\/Captura-de-Pantalla-2022-09-30-a-las-09.27.59.png 1423w, https:\/\/liceovalentinletelierrecoleta.cl\/blog\/wp-content\/uploads\/2022\/09\/Captura-de-Pantalla-2022-09-30-a-las-09.27.59-300x172.png 300w, https:\/\/liceovalentinletelierrecoleta.cl\/blog\/wp-content\/uploads\/2022\/09\/Captura-de-Pantalla-2022-09-30-a-las-09.27.59-1024x586.png 1024w, https:\/\/liceovalentinletelierrecoleta.cl\/blog\/wp-content\/uploads\/2022\/09\/Captura-de-Pantalla-2022-09-30-a-las-09.27.59-768x439.png 768w, https:\/\/liceovalentinletelierrecoleta.cl\/blog\/wp-content\/uploads\/2022\/09\/Captura-de-Pantalla-2022-09-30-a-las-09.27.59-850x486.png 850w\" sizes=\"auto, (max-width: 364px) 100vw, 364px\" \/><\/a><\/p>\n<p><strong>Centro de recursos digitales<\/strong>: este es un banco de informaci\u00f3n y material que servir\u00e1 como contenido adicional a los procesos de aprendizaje, contiene im\u00e1genes hist\u00f3ricas, art\u00edculos de inter\u00e9s y audios relevantes.<\/p>\n<h2 style=\"text-align: center;\"><a href=\"https:\/\/www.curriculumnacional.cl\/portal\/Tipo\/Recursos-digitales\/\" target=\"_blank\" rel=\"noopener\">Link centro de recursos digitales<\/a><\/h2>\n","protected":false},"excerpt":{"rendered":"<p>&nbsp; Libros de asignaturas por nivel: En el siguiente enlace podr\u00e1n encontrar los textos ministeriales entregados durante el a\u00f1o escolar, para su descarga debe seguir los pasos especificados. Link textos escolares &nbsp; &nbsp; &nbsp; Aprendo en l\u00ednea: durante pandemia, y debido al proceso educativo a distancia, desde el ministerio de educaci\u00f3n se gener\u00f3 el siguiente&#8230;<\/p>\n","protected":false},"author":1,"featured_media":0,"parent":1350,"menu_order":1,"comment_status":"closed","ping_status":"closed","template":"","meta":{"footnotes":""},"class_list":["post-1081","page","type-page","status-publish","hentry"],"_links":{"self":[{"href":"https:\/\/liceovalentinletelierrecoleta.cl\/blog\/index.php\/wp-json\/wp\/v2\/pages\/1081","targetHints":{"allow":["GET"]}}],"collection":[{"href":"https:\/\/liceovalentinletelierrecoleta.cl\/blog\/index.php\/wp-json\/wp\/v2\/pages"}],"about":[{"href":"https:\/\/liceovalentinletelierrecoleta.cl\/blog\/index.php\/wp-json\/wp\/v2\/types\/page"}],"author":[{"embeddable":true,"href":"https:\/\/liceovalentinletelierrecoleta.cl\/blog\/index.php\/wp-json\/wp\/v2\/users\/1"}],"replies":[{"embeddable":true,"href":"https:\/\/liceovalentinletelierrecoleta.cl\/blog\/index.php\/wp-json\/wp\/v2\/comments?post=1081"}],"version-history":[{"count":12,"href":"https:\/\/liceovalentinletelierrecoleta.cl\/blog\/index.php\/wp-json\/wp\/v2\/pages\/1081\/revisions"}],"predecessor-version":[{"id":1592,"href":"https:\/\/liceovalentinletelierrecoleta.cl\/blog\/index.php\/wp-json\/wp\/v2\/pages\/1081\/revisions\/1592"}],"up":[{"embeddable":true,"href":"https:\/\/liceovalentinletelierrecoleta.cl\/blog\/index.php\/wp-json\/wp\/v2\/pages\/1350"}],"wp:attachment":[{"href":"https:\/\/liceovalentinletelierrecoleta.cl\/blog\/index.php\/wp-json\/wp\/v2\/media?parent=1081"}],"curies":[{"name":"wp","href":"https:\/\/api.w.org\/{rel}","templated":true}]}}