{"id":1085,"date":"2022-09-17T02:37:09","date_gmt":"2022-09-17T02:37:09","guid":{"rendered":"https:\/\/liceovalentinletelierrecoleta.cl\/blog\/?page_id=1085"},"modified":"2022-10-09T03:18:56","modified_gmt":"2022-10-09T03:18:56","slug":"textos-educativos-ensayos-paes","status":"publish","type":"page","link":"https:\/\/liceovalentinletelierrecoleta.cl\/blog\/index.php\/informaciones\/recursos-pedagogicos\/textos-educativos-ensayos-paes\/","title":{"rendered":"Ensayos y material PAES"},"content":{"rendered":"<p><a href=\"https:\/\/liceovalentinletelierrecoleta.cl\/blog\/wp-content\/uploads\/2022\/10\/Captura-de-Pantalla-2022-10-08-a-las-15.39.56.png\"><img loading=\"lazy\" decoding=\"async\" class=\"alignright wp-image-1598\" src=\"https:\/\/liceovalentinletelierrecoleta.cl\/blog\/wp-content\/uploads\/2022\/10\/Captura-de-Pantalla-2022-10-08-a-las-15.39.56-300x179.png\" alt=\"\" width=\"380\" height=\"227\" srcset=\"https:\/\/liceovalentinletelierrecoleta.cl\/blog\/wp-content\/uploads\/2022\/10\/Captura-de-Pantalla-2022-10-08-a-las-15.39.56-300x180.png 300w, https:\/\/liceovalentinletelierrecoleta.cl\/blog\/wp-content\/uploads\/2022\/10\/Captura-de-Pantalla-2022-10-08-a-las-15.39.56-1024x611.png 1024w, https:\/\/liceovalentinletelierrecoleta.cl\/blog\/wp-content\/uploads\/2022\/10\/Captura-de-Pantalla-2022-10-08-a-las-15.39.56-768x459.png 768w, https:\/\/liceovalentinletelierrecoleta.cl\/blog\/wp-content\/uploads\/2022\/10\/Captura-de-Pantalla-2022-10-08-a-las-15.39.56-850x508.png 850w, https:\/\/liceovalentinletelierrecoleta.cl\/blog\/wp-content\/uploads\/2022\/10\/Captura-de-Pantalla-2022-10-08-a-las-15.39.56.png 1390w\" sizes=\"auto, (max-width: 380px) 100vw, 380px\" \/><\/a><\/p>\n<p><strong>Material PAES<\/strong>: En el siguiente enlace encontrar\u00e1s las publicaciones oficiales del proceso PAES 2022 ingreso 2023 (temarios, ejemplos de preguntas, informaci\u00f3n de carreras, cupos y proceso de postulaci\u00f3n)<\/p>\n<h2 style=\"text-align: center;\"><a href=\"https:\/\/demre.cl\/index\" target=\"_blank\" rel=\"noopener\">Link informaci\u00f3n oficial PAES<\/a><\/h2>\n<p>&nbsp;<\/p>\n<p><a href=\"https:\/\/liceovalentinletelierrecoleta.cl\/blog\/wp-content\/uploads\/2022\/10\/Captura-de-Pantalla-2022-10-08-a-las-15.40.26.png\"><img loading=\"lazy\" decoding=\"async\" class=\"wp-image-1609 alignleft\" src=\"https:\/\/liceovalentinletelierrecoleta.cl\/blog\/wp-content\/uploads\/2022\/10\/Captura-de-Pantalla-2022-10-08-a-las-15.40.26-300x182.png\" alt=\"\" width=\"341\" height=\"207\" srcset=\"https:\/\/liceovalentinletelierrecoleta.cl\/blog\/wp-content\/uploads\/2022\/10\/Captura-de-Pantalla-2022-10-08-a-las-15.40.26-300x182.png 300w, https:\/\/liceovalentinletelierrecoleta.cl\/blog\/wp-content\/uploads\/2022\/10\/Captura-de-Pantalla-2022-10-08-a-las-15.40.26-1024x620.png 1024w, https:\/\/liceovalentinletelierrecoleta.cl\/blog\/wp-content\/uploads\/2022\/10\/Captura-de-Pantalla-2022-10-08-a-las-15.40.26-768x465.png 768w, https:\/\/liceovalentinletelierrecoleta.cl\/blog\/wp-content\/uploads\/2022\/10\/Captura-de-Pantalla-2022-10-08-a-las-15.40.26-850x514.png 850w, https:\/\/liceovalentinletelierrecoleta.cl\/blog\/wp-content\/uploads\/2022\/10\/Captura-de-Pantalla-2022-10-08-a-las-15.40.26.png 1287w\" sizes=\"auto, (max-width: 341px) 100vw, 341px\" \/><\/a><\/p>\n<p>&nbsp;<\/p>\n<p><strong>Ensayos PAES (ex PSU)<\/strong>: ac\u00e1 podr\u00e1n revisar ensayos en pruebas oficiales (con un cron\u00f3metro real y retroalimentaci\u00f3n de todas las preguntas)<\/p>\n<h2 style=\"text-align: center;\"><a href=\"https:\/\/modelos.demre.cl\/2021\" target=\"_blank\" rel=\"noopener\">Link ensayos oficiales ONLINE<\/a><\/h2>\n<p>&nbsp;<\/p>\n<p><strong><a href=\"https:\/\/liceovalentinletelierrecoleta.cl\/blog\/wp-content\/uploads\/2022\/10\/Captura-de-Pantalla-2022-10-08-a-las-15.40.54.png\"><img loading=\"lazy\" decoding=\"async\" class=\"wp-image-1613 alignright\" src=\"https:\/\/liceovalentinletelierrecoleta.cl\/blog\/wp-content\/uploads\/2022\/10\/Captura-de-Pantalla-2022-10-08-a-las-15.40.54-300x188.png\" alt=\"\" width=\"338\" height=\"212\" srcset=\"https:\/\/liceovalentinletelierrecoleta.cl\/blog\/wp-content\/uploads\/2022\/10\/Captura-de-Pantalla-2022-10-08-a-las-15.40.54-300x188.png 300w, https:\/\/liceovalentinletelierrecoleta.cl\/blog\/wp-content\/uploads\/2022\/10\/Captura-de-Pantalla-2022-10-08-a-las-15.40.54-1024x641.png 1024w, https:\/\/liceovalentinletelierrecoleta.cl\/blog\/wp-content\/uploads\/2022\/10\/Captura-de-Pantalla-2022-10-08-a-las-15.40.54-768x481.png 768w, https:\/\/liceovalentinletelierrecoleta.cl\/blog\/wp-content\/uploads\/2022\/10\/Captura-de-Pantalla-2022-10-08-a-las-15.40.54-850x532.png 850w, https:\/\/liceovalentinletelierrecoleta.cl\/blog\/wp-content\/uploads\/2022\/10\/Captura-de-Pantalla-2022-10-08-a-las-15.40.54.png 1293w\" sizes=\"auto, (max-width: 338px) 100vw, 338px\" \/><\/a><\/strong><\/p>\n<p><strong>Pruebas anteriores:<\/strong> pese a que hoy la prueba es distinta, te servir\u00e1n los materiales que encontrar\u00e1s en el siguiente enlace, donde se entregan ejemplos de la prueba oficiales, y pruebas anteriores aplicadas.<\/p>\n<h2 style=\"text-align: center;\"><a href=\"https:\/\/demre.cl\/publicaciones\/modelos-resoluciones-pruebas\" target=\"_blank\" rel=\"noopener\">Link material anterior PAES<\/a><\/h2>\n","protected":false},"excerpt":{"rendered":"<p>Material PAES: En el siguiente enlace encontrar\u00e1s las publicaciones oficiales del proceso PAES 2022 ingreso 2023 (temarios, ejemplos de preguntas, informaci\u00f3n de carreras, cupos y proceso de postulaci\u00f3n) Link informaci\u00f3n oficial PAES &nbsp; &nbsp; Ensayos PAES (ex PSU): ac\u00e1 podr\u00e1n revisar ensayos en pruebas oficiales (con un cron\u00f3metro real y retroalimentaci\u00f3n de todas las preguntas)&#8230;<\/p>\n","protected":false},"author":1,"featured_media":0,"parent":1350,"menu_order":2,"comment_status":"closed","ping_status":"closed","template":"","meta":{"footnotes":""},"class_list":["post-1085","page","type-page","status-publish","hentry"],"_links":{"self":[{"href":"https:\/\/liceovalentinletelierrecoleta.cl\/blog\/index.php\/wp-json\/wp\/v2\/pages\/1085","targetHints":{"allow":["GET"]}}],"collection":[{"href":"https:\/\/liceovalentinletelierrecoleta.cl\/blog\/index.php\/wp-json\/wp\/v2\/pages"}],"about":[{"href":"https:\/\/liceovalentinletelierrecoleta.cl\/blog\/index.php\/wp-json\/wp\/v2\/types\/page"}],"author":[{"embeddable":true,"href":"https:\/\/liceovalentinletelierrecoleta.cl\/blog\/index.php\/wp-json\/wp\/v2\/users\/1"}],"replies":[{"embeddable":true,"href":"https:\/\/liceovalentinletelierrecoleta.cl\/blog\/index.php\/wp-json\/wp\/v2\/comments?post=1085"}],"version-history":[{"count":11,"href":"https:\/\/liceovalentinletelierrecoleta.cl\/blog\/index.php\/wp-json\/wp\/v2\/pages\/1085\/revisions"}],"predecessor-version":[{"id":1662,"href":"https:\/\/liceovalentinletelierrecoleta.cl\/blog\/index.php\/wp-json\/wp\/v2\/pages\/1085\/revisions\/1662"}],"up":[{"embeddable":true,"href":"https:\/\/liceovalentinletelierrecoleta.cl\/blog\/index.php\/wp-json\/wp\/v2\/pages\/1350"}],"wp:attachment":[{"href":"https:\/\/liceovalentinletelierrecoleta.cl\/blog\/index.php\/wp-json\/wp\/v2\/media?parent=1085"}],"curies":[{"name":"wp","href":"https:\/\/api.w.org\/{rel}","templated":true}]}}