{"id":1089,"date":"2022-09-17T02:37:57","date_gmt":"2022-09-17T02:37:57","guid":{"rendered":"https:\/\/liceovalentinletelierrecoleta.cl\/blog\/?page_id=1089"},"modified":"2022-10-08T23:57:40","modified_gmt":"2022-10-08T23:57:40","slug":"infraestructura-y-equipamiento","status":"publish","type":"page","link":"https:\/\/liceovalentinletelierrecoleta.cl\/blog\/index.php\/quienes-somos\/infraestructura-y-equipamiento\/","title":{"rendered":"Infraestructura y Equipamiento"},"content":{"rendered":"<p style=\"text-align: center;\"><strong><a href=\"https:\/\/liceovalentinletelierrecoleta.cl\/blog\/wp-content\/uploads\/2022\/10\/RAMPAS.png\"><img loading=\"lazy\" decoding=\"async\" class=\"size-medium wp-image-1611 aligncenter\" src=\"https:\/\/liceovalentinletelierrecoleta.cl\/blog\/wp-content\/uploads\/2022\/10\/RAMPAS-300x240.png\" alt=\"\" width=\"300\" height=\"240\" srcset=\"https:\/\/liceovalentinletelierrecoleta.cl\/blog\/wp-content\/uploads\/2022\/10\/RAMPAS-300x240.png 300w, https:\/\/liceovalentinletelierrecoleta.cl\/blog\/wp-content\/uploads\/2022\/10\/RAMPAS-1024x820.png 1024w, https:\/\/liceovalentinletelierrecoleta.cl\/blog\/wp-content\/uploads\/2022\/10\/RAMPAS-768x615.png 768w, https:\/\/liceovalentinletelierrecoleta.cl\/blog\/wp-content\/uploads\/2022\/10\/RAMPAS-850x680.png 850w, https:\/\/liceovalentinletelierrecoleta.cl\/blog\/wp-content\/uploads\/2022\/10\/RAMPAS.png 1393w\" sizes=\"auto, (max-width: 300px) 100vw, 300px\" \/><\/a><\/strong><strong>Ascensores, rampas y accesos para personas con movilidad reducida<\/strong><\/p>\n<p style=\"text-align: center;\"><a href=\"https:\/\/liceovalentinletelierrecoleta.cl\/blog\/wp-content\/uploads\/2022\/10\/ASCENSOR.png\"><img loading=\"lazy\" decoding=\"async\" class=\"aligncenter size-medium wp-image-1643\" src=\"https:\/\/liceovalentinletelierrecoleta.cl\/blog\/wp-content\/uploads\/2022\/10\/ASCENSOR-300x240.png\" alt=\"\" width=\"300\" height=\"240\" srcset=\"https:\/\/liceovalentinletelierrecoleta.cl\/blog\/wp-content\/uploads\/2022\/10\/ASCENSOR-300x240.png 300w, https:\/\/liceovalentinletelierrecoleta.cl\/blog\/wp-content\/uploads\/2022\/10\/ASCENSOR-1024x820.png 1024w, https:\/\/liceovalentinletelierrecoleta.cl\/blog\/wp-content\/uploads\/2022\/10\/ASCENSOR-768x615.png 768w, https:\/\/liceovalentinletelierrecoleta.cl\/blog\/wp-content\/uploads\/2022\/10\/ASCENSOR-850x680.png 850w, https:\/\/liceovalentinletelierrecoleta.cl\/blog\/wp-content\/uploads\/2022\/10\/ASCENSOR.png 1393w\" sizes=\"auto, (max-width: 300px) 100vw, 300px\" \/><\/a><strong>Ascensores para cada pabell\u00f3n<\/strong><\/p>\n<p style=\"text-align: center;\"><strong><a href=\"https:\/\/liceovalentinletelierrecoleta.cl\/blog\/wp-content\/uploads\/2022\/10\/CRA.png\"><img loading=\"lazy\" decoding=\"async\" class=\"size-medium wp-image-1594 aligncenter\" src=\"https:\/\/liceovalentinletelierrecoleta.cl\/blog\/wp-content\/uploads\/2022\/10\/CRA-300x240.png\" alt=\"\" width=\"300\" height=\"240\" srcset=\"https:\/\/liceovalentinletelierrecoleta.cl\/blog\/wp-content\/uploads\/2022\/10\/CRA-300x240.png 300w, https:\/\/liceovalentinletelierrecoleta.cl\/blog\/wp-content\/uploads\/2022\/10\/CRA-1024x820.png 1024w, https:\/\/liceovalentinletelierrecoleta.cl\/blog\/wp-content\/uploads\/2022\/10\/CRA-768x615.png 768w, https:\/\/liceovalentinletelierrecoleta.cl\/blog\/wp-content\/uploads\/2022\/10\/CRA-850x680.png 850w, https:\/\/liceovalentinletelierrecoleta.cl\/blog\/wp-content\/uploads\/2022\/10\/CRA.png 1393w\" sizes=\"auto, (max-width: 300px) 100vw, 300px\" \/><\/a><\/strong><strong>Bibliotecas CRA (Centro de Recursos para el Aprendizaje) B\u00e1sica y Media<\/strong><\/p>\n<p style=\"text-align: center;\"><strong><a href=\"https:\/\/liceovalentinletelierrecoleta.cl\/blog\/wp-content\/uploads\/2022\/10\/ENLACE-MEDIA.png\"><img loading=\"lazy\" decoding=\"async\" class=\"size-medium wp-image-1596 aligncenter\" src=\"https:\/\/liceovalentinletelierrecoleta.cl\/blog\/wp-content\/uploads\/2022\/10\/ENLACE-MEDIA-300x240.png\" alt=\"\" width=\"300\" height=\"240\" srcset=\"https:\/\/liceovalentinletelierrecoleta.cl\/blog\/wp-content\/uploads\/2022\/10\/ENLACE-MEDIA-300x240.png 300w, https:\/\/liceovalentinletelierrecoleta.cl\/blog\/wp-content\/uploads\/2022\/10\/ENLACE-MEDIA-1024x820.png 1024w, https:\/\/liceovalentinletelierrecoleta.cl\/blog\/wp-content\/uploads\/2022\/10\/ENLACE-MEDIA-768x615.png 768w, https:\/\/liceovalentinletelierrecoleta.cl\/blog\/wp-content\/uploads\/2022\/10\/ENLACE-MEDIA-850x680.png 850w, https:\/\/liceovalentinletelierrecoleta.cl\/blog\/wp-content\/uploads\/2022\/10\/ENLACE-MEDIA.png 1393w\" sizes=\"auto, (max-width: 300px) 100vw, 300px\" \/><\/a><\/strong><strong>Sala de enlaces Ense\u00f1anza Media<\/strong><\/p>\n<p style=\"text-align: center;\"><a href=\"https:\/\/liceovalentinletelierrecoleta.cl\/blog\/wp-content\/uploads\/2022\/10\/ENLACE-BASICA.png\"><img loading=\"lazy\" decoding=\"async\" class=\"aligncenter size-medium wp-image-1595\" src=\"https:\/\/liceovalentinletelierrecoleta.cl\/blog\/wp-content\/uploads\/2022\/10\/ENLACE-BASICA-300x240.png\" alt=\"\" width=\"300\" height=\"240\" srcset=\"https:\/\/liceovalentinletelierrecoleta.cl\/blog\/wp-content\/uploads\/2022\/10\/ENLACE-BASICA-300x240.png 300w, https:\/\/liceovalentinletelierrecoleta.cl\/blog\/wp-content\/uploads\/2022\/10\/ENLACE-BASICA-1024x820.png 1024w, https:\/\/liceovalentinletelierrecoleta.cl\/blog\/wp-content\/uploads\/2022\/10\/ENLACE-BASICA-768x615.png 768w, https:\/\/liceovalentinletelierrecoleta.cl\/blog\/wp-content\/uploads\/2022\/10\/ENLACE-BASICA-850x680.png 850w, https:\/\/liceovalentinletelierrecoleta.cl\/blog\/wp-content\/uploads\/2022\/10\/ENLACE-BASICA.png 1393w\" sizes=\"auto, (max-width: 300px) 100vw, 300px\" \/><\/a><strong>Sala de enlaces Ense\u00f1anza B\u00e1sica<\/strong><\/p>\n<p style=\"text-align: center;\"><strong><a href=\"https:\/\/liceovalentinletelierrecoleta.cl\/blog\/wp-content\/uploads\/2022\/10\/CASINO.png\"><img loading=\"lazy\" decoding=\"async\" class=\"aligncenter size-medium wp-image-1593\" src=\"https:\/\/liceovalentinletelierrecoleta.cl\/blog\/wp-content\/uploads\/2022\/10\/CASINO-300x240.png\" alt=\"\" width=\"300\" height=\"240\" srcset=\"https:\/\/liceovalentinletelierrecoleta.cl\/blog\/wp-content\/uploads\/2022\/10\/CASINO-300x240.png 300w, https:\/\/liceovalentinletelierrecoleta.cl\/blog\/wp-content\/uploads\/2022\/10\/CASINO-1024x820.png 1024w, https:\/\/liceovalentinletelierrecoleta.cl\/blog\/wp-content\/uploads\/2022\/10\/CASINO-768x615.png 768w, https:\/\/liceovalentinletelierrecoleta.cl\/blog\/wp-content\/uploads\/2022\/10\/CASINO-850x680.png 850w, https:\/\/liceovalentinletelierrecoleta.cl\/blog\/wp-content\/uploads\/2022\/10\/CASINO.png 1393w\" sizes=\"auto, (max-width: 300px) 100vw, 300px\" \/><\/a><\/strong><strong>Casino estudiantes<\/strong><\/p>\n<p style=\"text-align: center;\"><strong><a href=\"https:\/\/liceovalentinletelierrecoleta.cl\/blog\/wp-content\/uploads\/2022\/10\/CANCHAS.png\"><img loading=\"lazy\" decoding=\"async\" class=\"aligncenter size-medium wp-image-1591\" src=\"https:\/\/liceovalentinletelierrecoleta.cl\/blog\/wp-content\/uploads\/2022\/10\/CANCHAS-300x240.png\" alt=\"\" width=\"300\" height=\"240\" srcset=\"https:\/\/liceovalentinletelierrecoleta.cl\/blog\/wp-content\/uploads\/2022\/10\/CANCHAS-300x240.png 300w, https:\/\/liceovalentinletelierrecoleta.cl\/blog\/wp-content\/uploads\/2022\/10\/CANCHAS-1024x820.png 1024w, https:\/\/liceovalentinletelierrecoleta.cl\/blog\/wp-content\/uploads\/2022\/10\/CANCHAS-768x615.png 768w, https:\/\/liceovalentinletelierrecoleta.cl\/blog\/wp-content\/uploads\/2022\/10\/CANCHAS-850x680.png 850w, https:\/\/liceovalentinletelierrecoleta.cl\/blog\/wp-content\/uploads\/2022\/10\/CANCHAS.png 1393w\" sizes=\"auto, (max-width: 300px) 100vw, 300px\" \/><\/a><\/strong><strong>Canchas para la actividad f\u00edsica<\/strong><\/p>\n<p style=\"text-align: center;\"><strong><a href=\"https:\/\/liceovalentinletelierrecoleta.cl\/blog\/wp-content\/uploads\/2022\/10\/MUSEO.png\"><img loading=\"lazy\" decoding=\"async\" class=\"aligncenter size-medium wp-image-1616\" src=\"https:\/\/liceovalentinletelierrecoleta.cl\/blog\/wp-content\/uploads\/2022\/10\/MUSEO-300x240.png\" alt=\"\" width=\"300\" height=\"240\" srcset=\"https:\/\/liceovalentinletelierrecoleta.cl\/blog\/wp-content\/uploads\/2022\/10\/MUSEO-300x240.png 300w, https:\/\/liceovalentinletelierrecoleta.cl\/blog\/wp-content\/uploads\/2022\/10\/MUSEO-1024x820.png 1024w, https:\/\/liceovalentinletelierrecoleta.cl\/blog\/wp-content\/uploads\/2022\/10\/MUSEO-768x615.png 768w, https:\/\/liceovalentinletelierrecoleta.cl\/blog\/wp-content\/uploads\/2022\/10\/MUSEO-850x680.png 850w, https:\/\/liceovalentinletelierrecoleta.cl\/blog\/wp-content\/uploads\/2022\/10\/MUSEO.png 1393w\" sizes=\"auto, (max-width: 300px) 100vw, 300px\" \/><\/a><\/strong><strong>Sala de Museo patrimonial valentiniano<\/strong><\/p>\n<p style=\"text-align: center;\"><strong><a href=\"https:\/\/liceovalentinletelierrecoleta.cl\/blog\/wp-content\/uploads\/2022\/10\/sala-de-artes.png\"><img loading=\"lazy\" decoding=\"async\" class=\"aligncenter size-medium wp-image-1619\" src=\"https:\/\/liceovalentinletelierrecoleta.cl\/blog\/wp-content\/uploads\/2022\/10\/sala-de-artes-300x240.png\" alt=\"\" width=\"300\" height=\"240\" srcset=\"https:\/\/liceovalentinletelierrecoleta.cl\/blog\/wp-content\/uploads\/2022\/10\/sala-de-artes-300x240.png 300w, https:\/\/liceovalentinletelierrecoleta.cl\/blog\/wp-content\/uploads\/2022\/10\/sala-de-artes-1024x820.png 1024w, https:\/\/liceovalentinletelierrecoleta.cl\/blog\/wp-content\/uploads\/2022\/10\/sala-de-artes-768x615.png 768w, https:\/\/liceovalentinletelierrecoleta.cl\/blog\/wp-content\/uploads\/2022\/10\/sala-de-artes-850x680.png 850w, https:\/\/liceovalentinletelierrecoleta.cl\/blog\/wp-content\/uploads\/2022\/10\/sala-de-artes.png 1393w\" sizes=\"auto, (max-width: 300px) 100vw, 300px\" \/><\/a><\/strong><strong>Sala de artes<\/strong><\/p>\n<p style=\"text-align: center;\"><strong><a href=\"https:\/\/liceovalentinletelierrecoleta.cl\/blog\/wp-content\/uploads\/2022\/10\/LABORATORIOS.png\"><img loading=\"lazy\" decoding=\"async\" class=\"aligncenter size-medium wp-image-1602\" src=\"https:\/\/liceovalentinletelierrecoleta.cl\/blog\/wp-content\/uploads\/2022\/10\/LABORATORIOS-300x240.png\" alt=\"\" width=\"300\" height=\"240\" srcset=\"https:\/\/liceovalentinletelierrecoleta.cl\/blog\/wp-content\/uploads\/2022\/10\/LABORATORIOS-300x240.png 300w, https:\/\/liceovalentinletelierrecoleta.cl\/blog\/wp-content\/uploads\/2022\/10\/LABORATORIOS-1024x820.png 1024w, https:\/\/liceovalentinletelierrecoleta.cl\/blog\/wp-content\/uploads\/2022\/10\/LABORATORIOS-768x615.png 768w, https:\/\/liceovalentinletelierrecoleta.cl\/blog\/wp-content\/uploads\/2022\/10\/LABORATORIOS-850x680.png 850w, https:\/\/liceovalentinletelierrecoleta.cl\/blog\/wp-content\/uploads\/2022\/10\/LABORATORIOS.png 1393w\" sizes=\"auto, (max-width: 300px) 100vw, 300px\" \/><\/a><\/strong><strong>Laboratorios<\/strong><\/p>\n<p style=\"text-align: center;\"><strong><a href=\"https:\/\/liceovalentinletelierrecoleta.cl\/blog\/wp-content\/uploads\/2022\/10\/PATIO-TECHADO-2.png\"><img loading=\"lazy\" decoding=\"async\" class=\"aligncenter size-medium wp-image-1608\" src=\"https:\/\/liceovalentinletelierrecoleta.cl\/blog\/wp-content\/uploads\/2022\/10\/PATIO-TECHADO-2-300x240.png\" alt=\"\" width=\"300\" height=\"240\" srcset=\"https:\/\/liceovalentinletelierrecoleta.cl\/blog\/wp-content\/uploads\/2022\/10\/PATIO-TECHADO-2-300x240.png 300w, https:\/\/liceovalentinletelierrecoleta.cl\/blog\/wp-content\/uploads\/2022\/10\/PATIO-TECHADO-2-1024x820.png 1024w, https:\/\/liceovalentinletelierrecoleta.cl\/blog\/wp-content\/uploads\/2022\/10\/PATIO-TECHADO-2-768x615.png 768w, https:\/\/liceovalentinletelierrecoleta.cl\/blog\/wp-content\/uploads\/2022\/10\/PATIO-TECHADO-2-850x680.png 850w, https:\/\/liceovalentinletelierrecoleta.cl\/blog\/wp-content\/uploads\/2022\/10\/PATIO-TECHADO-2.png 1393w\" sizes=\"auto, (max-width: 300px) 100vw, 300px\" \/><\/a><\/strong><strong>Patios techados<\/strong><\/p>\n<p style=\"text-align: center;\"><strong><a href=\"https:\/\/liceovalentinletelierrecoleta.cl\/blog\/wp-content\/uploads\/2022\/10\/JARDIN-2.png\"><img loading=\"lazy\" decoding=\"async\" class=\"size-medium wp-image-1597 aligncenter\" src=\"https:\/\/liceovalentinletelierrecoleta.cl\/blog\/wp-content\/uploads\/2022\/10\/JARDIN-2-300x240.png\" alt=\"\" width=\"300\" height=\"240\" srcset=\"https:\/\/liceovalentinletelierrecoleta.cl\/blog\/wp-content\/uploads\/2022\/10\/JARDIN-2-300x240.png 300w, https:\/\/liceovalentinletelierrecoleta.cl\/blog\/wp-content\/uploads\/2022\/10\/JARDIN-2-1024x820.png 1024w, https:\/\/liceovalentinletelierrecoleta.cl\/blog\/wp-content\/uploads\/2022\/10\/JARDIN-2-768x615.png 768w, https:\/\/liceovalentinletelierrecoleta.cl\/blog\/wp-content\/uploads\/2022\/10\/JARDIN-2-850x680.png 850w, https:\/\/liceovalentinletelierrecoleta.cl\/blog\/wp-content\/uploads\/2022\/10\/JARDIN-2.png 1393w\" sizes=\"auto, (max-width: 300px) 100vw, 300px\" \/><\/a><\/strong><strong>Jard\u00edn frontal para actividades pedag\u00f3gicas<\/strong><\/p>\n","protected":false},"excerpt":{"rendered":"<p>Ascensores, rampas y accesos para personas con movilidad reducida Ascensores para cada pabell\u00f3n Bibliotecas CRA (Centro de Recursos para el Aprendizaje) B\u00e1sica y Media Sala de enlaces Ense\u00f1anza Media Sala de enlaces Ense\u00f1anza B\u00e1sica Casino estudiantes Canchas para la actividad f\u00edsica Sala de Museo patrimonial valentiniano Sala de artes Laboratorios Patios techados Jard\u00edn frontal para&#8230;<\/p>\n","protected":false},"author":1,"featured_media":0,"parent":1013,"menu_order":7,"comment_status":"closed","ping_status":"closed","template":"","meta":{"footnotes":""},"class_list":["post-1089","page","type-page","status-publish","hentry"],"_links":{"self":[{"href":"https:\/\/liceovalentinletelierrecoleta.cl\/blog\/index.php\/wp-json\/wp\/v2\/pages\/1089","targetHints":{"allow":["GET"]}}],"collection":[{"href":"https:\/\/liceovalentinletelierrecoleta.cl\/blog\/index.php\/wp-json\/wp\/v2\/pages"}],"about":[{"href":"https:\/\/liceovalentinletelierrecoleta.cl\/blog\/index.php\/wp-json\/wp\/v2\/types\/page"}],"author":[{"embeddable":true,"href":"https:\/\/liceovalentinletelierrecoleta.cl\/blog\/index.php\/wp-json\/wp\/v2\/users\/1"}],"replies":[{"embeddable":true,"href":"https:\/\/liceovalentinletelierrecoleta.cl\/blog\/index.php\/wp-json\/wp\/v2\/comments?post=1089"}],"version-history":[{"count":15,"href":"https:\/\/liceovalentinletelierrecoleta.cl\/blog\/index.php\/wp-json\/wp\/v2\/pages\/1089\/revisions"}],"predecessor-version":[{"id":1632,"href":"https:\/\/liceovalentinletelierrecoleta.cl\/blog\/index.php\/wp-json\/wp\/v2\/pages\/1089\/revisions\/1632"}],"up":[{"embeddable":true,"href":"https:\/\/liceovalentinletelierrecoleta.cl\/blog\/index.php\/wp-json\/wp\/v2\/pages\/1013"}],"wp:attachment":[{"href":"https:\/\/liceovalentinletelierrecoleta.cl\/blog\/index.php\/wp-json\/wp\/v2\/media?parent=1089"}],"curies":[{"name":"wp","href":"https:\/\/api.w.org\/{rel}","templated":true}]}}