{"id":1347,"date":"2022-09-26T03:03:34","date_gmt":"2022-09-26T03:03:34","guid":{"rendered":"https:\/\/liceovalentinletelierrecoleta.cl\/blog\/?page_id=1347"},"modified":"2023-07-13T04:33:51","modified_gmt":"2023-07-13T04:33:51","slug":"memoria-valentiniana","status":"publish","type":"page","link":"https:\/\/liceovalentinletelierrecoleta.cl\/blog\/index.php\/quienes-somos\/memoria-valentiniana\/","title":{"rendered":"Memoria Valentiniana"},"content":{"rendered":"<p>En esta p\u00e1gina iremos guardando el registro de las distintas generaciones que van pasando por nuestro hist\u00f3rico Liceo Valent\u00edn Letelier (si tienes fotograf\u00edas de tu generaci\u00f3n hazla llegar al correo contacto@liceovalentinletelierrecoleta.cl)<\/p>\n<p><strong>Pr\u00f3ceres Valentinianos<\/strong><\/p>\n<p>Patricio Aylwin Azocar \u2013 Presidente de la Rep\u00fablica de Chile 1991 \u2013 1994.<\/p>\n<p>\u2022 Fernando Gonz\u00e1lez Mardones \u2013 Director y profesor de teatro. Director del Teatro Nacional entre los a\u00f1os 1998 y 2000. En el a\u00f1o 2005 fue distinguido con el Premio Nacional de Artes de la Representaci\u00f3n y Audiovisuales de Chile.<\/p>\n<p>\u2022 Mariano Fern\u00e1ndez \u2013 Abogado Universidad Cat\u00f3lica. Ministro de Relaciones Exteriores en periodo 2009 &#8211; 2010. Embajador de Chile en Reino Unido, Italia, Espa\u00f1a y Comunidad Europea.<\/p>\n<p>\u2022 Antonio Mascar\u00f3 Blanco \u2013 Medicina Universidad de Chile, Desarrollo y progreso de la Dermatolog\u00eda en Chile.<\/p>\n<p>\u2022 Jorge Mascar\u00f3 Blanco \u2013 Odontolog\u00eda Universidad de Chile, Desarrollo y progreso de la Odontolog\u00eda en Chile.<\/p>\n<p>\u2022 Pedro Sabat Pietracaprina \u2013 Administrador P\u00fablico Universidad de Chile, alcalde de \u00d1u\u00f1oa.<\/p>\n<p>\u2022 Ignacio Gonz\u00e1lez D\u00edaz \u2013 Medicina Universidad de Chile, Desarrollo y progreso de la Dermatolog\u00eda Infantil en Chile.<\/p>\n<p>\u2022 Mario Hamuy Berr \u2013 Economista Universidad de Chile, Diputado de la Rep\u00fablica (DC) 1990 &#8211; 1998.<\/p>\n<p>\u2022 Ricardo Hormaz\u00e1bal S. \u2013 Derecho Universidad de Chile, Senador de la Rep\u00fablica 1990 \u2013 1998.<\/p>\n<p>\u2022 Luis Gonz\u00e1lez Olivares \u2013 Pol\u00edtico Chileno. Diputado del Partido Socialista de Chile. Integr\u00f3 durante su diputaci\u00f3n la comisi\u00f3n de Hacienda.<\/p>\n<p>\u2022 Percy Richter Silberstein \u2013 Contraalmirante. Comandante en Jefe de la Cuarta Zona Naval de la Armada de Chile.<\/p>\n<p>\u2022 Ricardo N\u00fa\u00f1ez Mu\u00f1oz \u2013 Hist. Y Geograf\u00eda Universidad de Chile, Presidente Partido Socialista de Chile, senador de la Rep\u00fablica 1993 \u2013 2000.<\/p>\n<p>\u2022 Enrique Silva Cimma \u2013 Derecho Universidad de Chile, presidente del Partido Radical de Chile, ministro de RREE 1990 \u2013 1994, contralor general de la Rep\u00fablica, integrante de la Corte Suprema.<\/p>\n<p>\u2022 Benjam\u00edn Teplizki Lijavetzki \u2013 militante del Partido Radical de Chile, ministro de Miner\u00eda 1994 \u2013 1997.<\/p>\n<p>\u2022 Miguel Huerta Mu\u00f1oz \u2013 Derecho Universidad de Chile, Diputado de la Rep\u00fablica 1949.<\/p>\n<p>\u2022 Aniceto Rodr\u00edguez Arenas \u2013 Derecho Universidad de Chile, Secretario Gral. De la FECH, embajador en Caracas, Senador de la Rep\u00fablica 1969 \u2013 1977.<\/p>\n<p>\u2022 Jorge Insunza Gregorio de las Heras \u2013 An\u00e1lisis Pol\u00edtico U. D. Portales, Militante JJCC, Diputado de la Rep\u00fablica 2006 &#8211; 2010.<\/p>\n<p>\u2022 Mario C\u00e9spedes Guti\u00e9rrez \u2013 Profesor de Historia I. Pedag\u00f3gico de Chile, Profesor Facultad de Filosof\u00eda U. de Chile. Locutor radial y conductor de programas culturales. Fundador de las escuelas de periodismo y sociolog\u00eda de la Universidad de Chile.<\/p>\n<p>\u2022 Mike Medavoy \u2013 Prod. Cinematogr\u00e1fica U. of California LA, Miss Potter, Black Swan con Phoenix Pictures &#8211; Hollywood.<\/p>\n<p>\u2022 Alberto Cienfuegos Becerra \u2013 Ex General Director de Carabineros de Chile 2001 &#8211; 2005.<\/p>\n<p>\u2022 Mario Carroza \u2013 Abogado Universidad de Chile, profesor de filosof\u00eda Instituto Pedag\u00f3gico de la Universidad de Chile, Ministro del poder judicial.<\/p>\n<p>\u2022 Mario P\u00e9rez \u2013 Ingeniero Civil Electr\u00f3nico Universidad T\u00e9cnica Federico Santa Mar\u00eda Doctor en Astrof\u00edsica, Ingeniero de la NASA en programa avanzado de b\u00fasqueda de planetas extrasolares.<\/p>\n<p>\u2022 Manuel Enrique Thompson \u2013 Profesor de castellano, Universidad de Chile, locutor de radio y televisi\u00f3n, primer presidente del centro de exalumnos del Liceo Valent\u00edn Letelier fundado en 2012.<\/p>\n<p>\u2022 Valent\u00edn Trujillo (pianista) \u2013 Compositor y m\u00fasico chileno, uno de los pianistas m\u00e1s importantes de la m\u00fasica popular nacional del siglo XX.<\/p>\n<p>\u2022 Elias Friedenzohn \u2013 M\u00fasico Universidad de Chile, Violinista. Fundador Filarm\u00f3nica de Chile y m\u00fasico de la Orquesta sinf\u00f3nica de Detroit.<\/p>\n<p>\u2022 Marco Aurelio \u2013 Cantante de la nueva ola chilena.<\/p>\n<p>\u2022 Juan La Rivera \u2013 Animador de televisi\u00f3n y locutor radial.<\/p>\n<p>\u2022 Carlos Valenzuela \u2013 M\u00e9dico, investigador en Bio\u00e9tica. Profesor de pre y postgrado Universidad de Chile y otras universidades extranjeras.<\/p>\n<p>\u2022 Juan Vielmas \u2013 Enfermero universitario, director de escuela de Enfermer\u00eda Universidad de Chile.<\/p>\n<p>\u2022 Marco Suitt \u2013 Destacado escultor y artista visual.<\/p>\n<p>\u2022 Marcos Borcoski (Fyto Manga) \u2013 Dibujante y dise\u00f1ador, m\u00e1ximo exponente de manga y anime en Chile.<\/p>\n<p>\u2022 Juan Carlos Ar\u00e1nguiz \u2013 Juez de la Rep\u00fablica.<\/p>\n<p>\u2022 Carlos Abumohor Touma \u2013 Empresario.<\/p>\n<p>\u2022 Demetrio Marinakis \u2013 Empresario de transportes. Dirigente deportivo del club Santiago Morning.<\/p>\n<p>\u2022 Italo Osses \u2013 Profesor de m\u00fasica Universidad Metropolitana de Ciencias de la Educaci\u00f3n. M\u00fasico, integrante de Banda Conmoci\u00f3n.<\/p>\n<p>\u2022 Fernando Cisterna Ortiz \u2013 Dentista Universidad de Chile. Pol\u00edtico del Partido Radical de Chile, diputado y embajador en Suiza en 1947.<\/p>\n<p>\u2022 Jos\u00e9 Santos Gonz\u00e1lez Vera \u2013 Escritor chileno, novelista. Premio Nacional de Literatura de Chile en 1945.<\/p>\n<p>\u2022 Vasco Valdebenito Garc\u00eda \u2013 Ingeniero en minas Pontificia Universidad Cat\u00f3lica de Chile Pol\u00edtico, alcalde y diputado del Partido Socialista.<\/p>\n<p>\u2022 Rodolfo Norambuena \u2013 Licenciado en m\u00fasica y compositor Universidad de Chile, experto en historia de la m\u00fasica popular chilena y latinoamericana. Profesor universitario.<\/p>\n<p>\u2022 Gonzalo Acevedo \u2013 Director museo Hermitage de Mosc\u00fa.<\/p>\n<p>\u2022 Tony Caluga (Abraham Lillo Machuca) \u2013 Gran artista circense chileno, creador de la tradici\u00f3n de payasos m\u00e1s importantes de Chile. Varios familiares circenses estudiaron en el liceo.<\/p>\n<p>\u2022 Ernesto V\u00e1squez \u2013 Abogado, Universidad de Chile. Fiscal adjunto de Santiago y defensor p\u00fablico. Profesor activo en Universidad de Chile y Universidad Alberto Hurtado. Mag\u00edster en Derecho penal, Universidad de Chile. Secretario general asociaci\u00f3n de fiscales de Santiago.<\/p>\n<p>\u2022 Jos\u00e9 Rom\u00e1n \u2013 Cineasta chileno, director de &#8220;Reportaje a Lota&#8221; y guionista de &#8220;Valpara\u00edso de mi amor&#8221;, &#8220;ya no basta con rezar&#8221; entre otros. Profesor de cine.<\/p>\n<p>\u2022 Nelson Wohllk \u2013 M\u00e9dico Universidad de Chile. Jefe de endocrinolog\u00eda del Hospital Salvador, Director t\u00e9cnico de instituto de estudios m\u00e9dicos avanzados, presidente de la Sociedad Latinoamericana del Tiroides. M\u00e9dico del Instituto de Neurocirug\u00eda. Post Doctoral Fellowship Universidad de Texas, Medical Doctor en Anderson Cancer Center Houston Usa.<\/p>\n<p>\u2022 Sergio Mu\u00f1oz Navarro \u2013 Estad\u00edstico Universidad de Chile. Mag\u00edster en Estad\u00edstica Matem\u00e1tica y Doctor Phd en la Universidad de Carolina del Norte EE. UU. Consultor de la Organizaci\u00f3n Mundial de la Salud y profesor en la Universidad de la Frontera.<\/p>\n<p>\u2022 H\u00e9ctor P. Corrales \u2013 Ingeniero, cient\u00edfico e investigador. Doctor Phd en Instituto de Tecnolog\u00eda de Illinois. Ingeniero de Laboratorios BELL, AT&amp;T y ALCATEL.<\/p>\n<p>\u2022 Tom\u00e1s Palominos \u2013 Jefe de redacci\u00f3n C\u00e1mara de Diputados de la Rep\u00fablica de Chile.<\/p>\n<p>\u2022 Daniel Vilches \u2013 Humorista, comediante, artista circense, interpret\u00f3 al &#8220;Se\u00f1or Corales&#8221;. Es conocido como el &#8220;Acad\u00e9mico de la Lengua&#8221;. Dirige una revista de humor hasta la actualidad.<\/p>\n<p>\u2022 Rosendo Inostroza \u2013 Profesor de educaci\u00f3n f\u00edsica. Creador de la marat\u00f3n Valentiniana &#8220;Ra\u00fal Inostroza&#8221;, en honor a su padre, quien fue un destacado deportista atleta chileno.<\/p>\n<p>\u2022 V\u00edctor M\u00e9ndez \u2013 Atleta, medallista nacional en atletismo.<\/p>\n<p>\u2022 V\u00edctor Morales Vega \u2013 Ingeniero civil. Gerente de proyectos de Metro de Santiago.<\/p>\n<p>\u2022 Arturo Mu\u00f1oz Cuevas \u2013 M\u00e9dico Veterinario Universidad de Chile. Investigador de Biolog\u00eda y reproducci\u00f3n animal en la misma universidad.Doctor en Zoolog\u00eda experimental por la Universidad de Par\u00eds. Medalla de honor por la Centre National de la Recherche Scientifique. Curador Museo Nacional de Historia Natural de Francia.<\/p>\n<p>\u2022 Agust\u00edn Mu\u00f1oz Vergara \u2013 Polit\u00f3logo, Doctor en estudios ib\u00e9ricos y latinoamericanos Universidad de Par\u00eds IV Paris-Sorbonne, Ex Director regional de la OIT para Am\u00e9rica Latina y El Caribe. Escritor del libro &#8220;Abriendo Caminos, Retrospectiva pol\u00edtica, social y sindical de Chile&#8221;.<\/p>\n<p>\u2022 Mariano Latorre Blanco \u2013 M\u00e9dico Universidad de Chile. Uno de los mayores especialistas en Neurolog\u00eda infantil a nivel sudamericano, Se especializ\u00f3 en la Universidad de Chicago con el profesor Douglas Buchanan.<\/p>\n<p>\u2022 Juan M. C\u00e9spedes Galleguillos \u2013 M\u00e9dico Universidad de Chile, especialista bronco-pulmonar. Miembro honorario Sociedad Chilena de Enfermedades Respiratorias. Jefe del laboratorio de fisiopatolog\u00eda del Instituto Nacional del T\u00f3rax.<\/p>\n<p>\u2022 Melchor Lemp Miranda \u2013 M\u00e9dico Neurocirujano Universidad de Chile. Uno de los mayores especialistas en su \u00e1rea, profesor del departamento de neurocirug\u00eda de la Universidad de Chile, Jefe del mismo departamento.<\/p>\n<p>\u2022 Carlos Arratia \u2013 Futbolista profesional, jug\u00f3 en el Club Universidad de Chile. Integrante del Ballet Azul, Semifinalista de la Copa Libertadores de Am\u00e9rica de 1970.<\/p>\n<p>\u2022 Ricardo Vivado Orsini \u2013 Egresado en 1920. Fue uno de los fundadores de la radiodifusi\u00f3n en Chile. Pionero en el arte del cine sonoro.<\/p>\n","protected":false},"excerpt":{"rendered":"<p>En esta p\u00e1gina iremos guardando el registro de las distintas generaciones que van pasando por nuestro hist\u00f3rico Liceo Valent\u00edn Letelier (si tienes fotograf\u00edas de tu generaci\u00f3n hazla llegar al correo contacto@liceovalentinletelierrecoleta.cl) Pr\u00f3ceres Valentinianos Patricio Aylwin Azocar \u2013 Presidente de la Rep\u00fablica de Chile 1991 \u2013 1994. \u2022 Fernando Gonz\u00e1lez Mardones \u2013 Director y profesor de&#8230;<\/p>\n","protected":false},"author":1,"featured_media":0,"parent":1013,"menu_order":6,"comment_status":"closed","ping_status":"closed","template":"","meta":{"footnotes":""},"class_list":["post-1347","page","type-page","status-publish","hentry"],"_links":{"self":[{"href":"https:\/\/liceovalentinletelierrecoleta.cl\/blog\/index.php\/wp-json\/wp\/v2\/pages\/1347","targetHints":{"allow":["GET"]}}],"collection":[{"href":"https:\/\/liceovalentinletelierrecoleta.cl\/blog\/index.php\/wp-json\/wp\/v2\/pages"}],"about":[{"href":"https:\/\/liceovalentinletelierrecoleta.cl\/blog\/index.php\/wp-json\/wp\/v2\/types\/page"}],"author":[{"embeddable":true,"href":"https:\/\/liceovalentinletelierrecoleta.cl\/blog\/index.php\/wp-json\/wp\/v2\/users\/1"}],"replies":[{"embeddable":true,"href":"https:\/\/liceovalentinletelierrecoleta.cl\/blog\/index.php\/wp-json\/wp\/v2\/comments?post=1347"}],"version-history":[{"count":6,"href":"https:\/\/liceovalentinletelierrecoleta.cl\/blog\/index.php\/wp-json\/wp\/v2\/pages\/1347\/revisions"}],"predecessor-version":[{"id":2096,"href":"https:\/\/liceovalentinletelierrecoleta.cl\/blog\/index.php\/wp-json\/wp\/v2\/pages\/1347\/revisions\/2096"}],"up":[{"embeddable":true,"href":"https:\/\/liceovalentinletelierrecoleta.cl\/blog\/index.php\/wp-json\/wp\/v2\/pages\/1013"}],"wp:attachment":[{"href":"https:\/\/liceovalentinletelierrecoleta.cl\/blog\/index.php\/wp-json\/wp\/v2\/media?parent=1347"}],"curies":[{"name":"wp","href":"https:\/\/api.w.org\/{rel}","templated":true}]}}